{"id":157,"date":"2019-02-07T13:19:37","date_gmt":"2019-02-07T12:19:37","guid":{"rendered":"http:\/\/ncprodukt.pl\/?page_id=157"},"modified":"2025-04-30T10:22:59","modified_gmt":"2025-04-30T08:22:59","slug":"czyszczenie-glowic-ink-jet","status":"publish","type":"page","link":"https:\/\/ncprodukt.pl\/pl\/czyszczenie-glowic-ink-jet\/","title":{"rendered":"Czyszczenie g\u0142owic Ink-Jet"},"content":{"rendered":"<div class=\"row twocolumns\">\n<div class=\"column wow fadeInUp\">\n<h4>Strefa FAQ &#8211; Pytania i Odpowiedzi na temat:<\/h4>\n<h4>Czyszczenie g\u0142owic piezoelektrycznych u\u017cywanych w druku cyfrowym.<\/h4>\n<p>&nbsp;<\/p>\n<p align=\"JUSTIFY\"><strong>1. Czy czyszczenie g\u0142owic piezoelektrycznych ma sens?<\/strong><\/p>\n<p align=\"JUSTIFY\">\u00a0 \u00a0Tak, czyszczenie ma sens. Koszt czyszczenia to czasami zaledwie 1\/5 ceny nowej g\u0142owicy, co mo\u017ce znacz\u0105co obni\u017cy\u0107 koszty utrzymania sprz\u0119tu.<\/p>\n<p align=\"JUSTIFY\"><strong>2. Czy proces czyszczenia jest bezpieczny dla g\u0142owic?\u00a0\u00a0<\/strong><\/p>\n<p align=\"JUSTIFY\">\u00a0 \u00a0Tak, nasze odczynniki s\u0105 zaprojektowane tak, aby nie reagowa\u0107 z uszczelnieniami g\u0142owic, co gwarantuje ich bezpiecze\u0144stwo podczas czyszczenia.<\/p>\n<p align=\"JUSTIFY\"><strong>3. Czy g\u0142owica mo\u017ce zosta\u0107 uszkodzona w trakcie procesu czyszczenia?<\/strong><\/p>\n<p align=\"JUSTIFY\">\u00a0 \u00a0Niestety, tak. Je\u015bli g\u0142owica dotrze do nas z delikatnie uszkodzonym uszczelnieniem, proces czyszczenia mo\u017ce przyspieszy\u0107 rozszczelnienie. W takim przypadku istnieje ryzyko, \u017ce g\u0142owica nie przetrwa procesu. Jak m\u00f3wi stare powiedzenie: &#8222;Pacjent umiera w szpitalu od ran zadanych w boju.&#8221;<\/p>\n<p align=\"JUSTIFY\"><strong>4. Czy ka\u017cd\u0105 g\u0142owic\u0119 da si\u0119 doczy\u015bci\u0107 do 100%?<\/strong><\/p>\n<p align=\"JUSTIFY\">\u00a0 \u00a0To zale\u017cy od stanu g\u0142owicy, jako\u015bci tuszu, na kt\u00f3rym pracowa\u0142a, ilo\u015bci nagromadzonego tuszu wewn\u0105trz oraz stanu uszczelnie\u0144. Nawet je\u015bli nie uda si\u0119 osi\u0105gn\u0105\u0107 100% czysto\u015bci, poprawa na poziomie 85-90% cz\u0119sto wystarcza do dalszego u\u017cytkowania (szczeg\u00f3lnie w systemach innych ni\u017c single pass). Koszt czyszczenia w takim przypadku wynosi jedynie od 179 euro do 220euro w zale\u017cno\u015bci od modelu, czyli oko\u0142o 1\/20 warto\u015bci nowej g\u0142owicy.<\/p>\n<p align=\"JUSTIFY\">\u00a0 \u00a0&#8211; Solwentowe tusze ceramiczne: cz\u0119sto osi\u0105gamy wynik 100\/100.<\/p>\n<p align=\"JUSTIFY\">\u00a0 \u00a0&#8211; Tusze UV: wyniki na poziomie 85%.<\/p>\n<p align=\"JUSTIFY\">\u00a0 \u00a0&#8211; Tusze wodne: trudniejsze do wyczyszczenia, wyniki oscyluj\u0105 wok\u00f3\u0142 40%.<\/p>\n<p align=\"JUSTIFY\"><strong>5. Ile trwa proces czyszczenia?<\/strong><\/p>\n<p align=\"JUSTIFY\">\u00a0 \u00a0Czasami g\u0142owic\u0119 udaje si\u0119 odblokowa\u0107 ju\u017c po kilku dniach, ale w niekt\u00f3rych przypadkach proces mo\u017ce potrwa\u0107 kilka tygodni.<\/p>\n<p align=\"JUSTIFY\"><strong>6. Kto pokrywa koszt wysy\u0142ki?<\/strong><\/p>\n<p align=\"JUSTIFY\">\u00a0 \u00a0My pokrywamy koszty wysy\u0142ki w obie strony, je\u015bli paczka zawiera 3 lub wi\u0119cej g\u0142owic (dla Polski) lub 6 lub wi\u0119cej g\u0142owic (pozosta\u0142e kraje UE).<\/p>\n<p align=\"JUSTIFY\"><strong>7. Jak g\u0142owice s\u0105 zabezpieczane po procesie czyszczenia?\u00a0<\/strong><\/p>\n<p align=\"JUSTIFY\">\u00a0 \u00a0Po czyszczeniu g\u0142owice s\u0105 osuszane, pakowane w foli\u0119 ESD i ostatecznie umieszczane w opakowaniu pr\u00f3\u017cniowym, aby zapobiec dostaniu si\u0119 powietrza do \u015brodka. G\u0142owice odsy\u0142amy zawsze w opakowaniach, w jakich do nas dotar\u0142y.<\/p>\n<p align=\"JUSTIFY\"><strong>8. Jak przygotowa\u0107 g\u0142owice do wysy\u0142ki?<\/strong><\/p>\n<p align=\"JUSTIFY\">\u00a0 \u00a0a) Opr\u00f3\u017cni\u0107 g\u0142owic\u0119 z tuszu (NIE u\u017cywa\u0107 strzykawek).<\/p>\n<p align=\"JUSTIFY\">\u00a0 \u00a0b) Od\u0142\u0105czy\u0107 wszystkie rurki i mocowania, kt\u00f3re nie s\u0105 integraln\u0105 cz\u0119\u015bci\u0105 g\u0142owicy.<\/p>\n<p align=\"JUSTIFY\">\u00a0 \u00a0c) W przypadku modeli, w kt\u00f3rych kable s\u0105 od\u0142\u0105czane (np. Ricoh Gen.5+\/Gen.6), nale\u017cy do\u0142\u0105czy\u0107 kabel do paczki.<\/p>\n<p align=\"JUSTIFY\"><strong>9. P\u0142atno\u015b\u0107<\/strong><\/p>\n<p align=\"JUSTIFY\">\u00a0 \u00a0&#8211; Dla nowych klient\u00f3w: po zako\u0144czeniu procesu, przed odes\u0142aniem paczki.<\/p>\n<p align=\"JUSTIFY\">\u00a0 \u00a0&#8211; Dla sta\u0142ych klient\u00f3w: termin p\u0142atno\u015bci zgodnie z obop\u00f3ln\u0105 umow\u0105.<\/p>\n<p align=\"JUSTIFY\">\u00a0 \u00a0&#8211; Warto\u015b\u0107 faktury ustalana jest na podstawie rezultat\u00f3w czyszczenia.<\/p>\n<h4 align=\"JUSTIFY\"><\/h4>\n<\/div>\n<div class=\"column wow fadeInUp\" data-wow-delay=\"0.25s\">\n<h4>Lista modeli g\u0142owic, kt\u00f3re podlegaj\u0105 czyszczeniu:<\/h4>\n<p>&nbsp;<\/p>\n<p><strong>SEIKO:<\/strong><\/p>\n<p>254GS<\/p>\n<p>508GS<\/p>\n<p>510BN<\/p>\n<p>1024HG<\/p>\n<p>RC1536<\/p>\n<p>RC1536-L<\/p>\n<p>RC1536-2C<\/p>\n<p>RC1536-L-2C<\/p>\n<p>RC1536A<\/p>\n<p>RC1536A-L<\/p>\n<p>&nbsp;<\/p>\n<p><strong>TOSHIBA:<\/strong><\/p>\n<p>CF1B<\/p>\n<p>CF1BL<\/p>\n<p>CFIBXL<\/p>\n<p>&nbsp;<\/p>\n<p><strong>XAAR:<\/strong><\/p>\n<p>1001 GS12<\/p>\n<p>1001 GS6<\/p>\n<p>1002 GS12<\/p>\n<p>1002 GS40<\/p>\n<p>1002 GS6<\/p>\n<p>1003 GS12<\/p>\n<p>1003 GS40<\/p>\n<p>1003 GS6<\/p>\n<p>2001 GS12C<\/p>\n<p>2001+ GS12C<\/p>\n<p>2001+ GS12U<\/p>\n<p>2001+ GS40C<\/p>\n<p>2001+ GS40U<\/p>\n<p>2001+ GS6C<\/p>\n<p>2001+ GS6U<\/p>\n<p>&nbsp;<\/p>\n<p><strong>DIMATIX:<\/strong><\/p>\n<p>SAMBA<\/p>\n<p>Spectra Polaris<\/p>\n<p>Star Fire SG1024\/LA<\/p>\n<p>Star Fire SG1024\/LA 2Ci<\/p>\n<p>Star Fire SG1024\/LC<\/p>\n<p>Star Fire SG1024\/MA<\/p>\n<p>Star Fire SG1024\/MA 2C<\/p>\n<p>Star Fire SG1024\/MC<\/p>\n<p>Star Fire SG1024\/SA<\/p>\n<p>Star Fire SG1024\/SA 2C<\/p>\n<p>Star Fire SG1024\/SC<\/p>\n<p>Star Fire SG1024\/XSA<\/p>\n<p>Star Fire SG1024\/XSC<\/p>\n<p>&nbsp;<\/p>\n<p><strong>KONICA MINOLTA:<\/strong><\/p>\n<p>KM 1024 A LHG-RC<\/p>\n<p>KM 1024 LHB<\/p>\n<p>KM 1024 LNB<\/p>\n<p>KM 1024 MHB<\/p>\n<p>KM 1024 MNB<\/p>\n<p>KM 1024 SHB<\/p>\n<p>KM 1024i LHE-30<\/p>\n<p>KM 1024i MAE-C<\/p>\n<p>KM 1024i MHE-D<\/p>\n<p>KM 1024i SAE-C<\/p>\n<p>KM 1024i SHE<\/p>\n<p>KM 1800i SHC-C<\/p>\n<p>&nbsp;<\/p>\n<p><strong>RICOH:<\/strong><\/p>\n<p>GH2220<\/p>\n<p>MH2420<\/p>\n<p>MH2620<\/p>\n<p>MH2820<\/p>\n<p>MH5220<\/p>\n<p>MH5320<\/p>\n<p>MH5320A<\/p>\n<p>MH5340<\/p>\n<p>MH5420<\/p>\n<p>MH5421<\/p>\n<p>MH5421F<\/p>\n<p>MH5421MF<\/p>\n<p>MH5440<\/p>\n<p>MH5441<\/p>\n<p>Gen5<\/p>\n<p>Gen4<\/p>\n<p>&nbsp;<\/p>\n<p><strong>KYOCERA:<\/strong><\/p>\n<p>KJ4A-300<\/p>\n<p>KJ4A-AA<\/p>\n<p>KJ4A-RH<\/p>\n<p>KJ4A-TA<\/p>\n<p>KJ4B-1200<\/p>\n<p>KJ4B-300<\/p>\n<p>KJ4B-QA<\/p>\n<p>KJ4B-YH<\/p>\n<p>KJ4C-0360<\/p>\n<p>&nbsp;<\/p>\n<p><strong>DURST:<\/strong><\/p>\n<p>DUO<\/p>\n<p>GXD3<\/p>\n<p>QUADRO<\/p>\n<p>QUADRO ARRAY RHO<\/p>\n<p>&nbsp;<\/p>\n<p><strong>EPSON:<\/strong><\/p>\n<p>S3200<\/p>\n<h4 align=\"JUSTIFY\"><span style=\"color: #808080;\">*W zale\u017cnio\u015bci od modelu serwis mo\u017ce by\u0107 pr<\/span><span style=\"color: #808080;\">zeprowadzany w ro\u017cnach laboratoriach na terenie Europy.<\/span><\/h4>\n<\/div>\n<\/div>\n","protected":false},"excerpt":{"rendered":"<p>Strefa FAQ &#8211; Pytania i Odpowiedzi na temat: Czyszczenie g\u0142owic piezoelektrycznych u\u017cywanych w druku cyfrowym. &nbsp; 1. Czy czyszczenie g\u0142owic piezoelektrycznych ma sens? \u00a0 \u00a0Tak, czyszczenie ma sens. Koszt czyszczenia to czasami zaledwie 1\/5 ceny nowej g\u0142owicy, co mo\u017ce znacz\u0105co obni\u017cy\u0107 koszty utrzymania sprz\u0119tu. 2. Czy proces czyszczenia jest bezpieczny dla g\u0142owic?\u00a0\u00a0 \u00a0 \u00a0Tak, nasze [&hellip;]<\/p>\n","protected":false},"author":4,"featured_media":643,"parent":0,"menu_order":0,"comment_status":"closed","ping_status":"closed","template":"","meta":{"_acf_changed":false,"_monsterinsights_skip_tracking":false,"_monsterinsights_sitenote_active":false,"_monsterinsights_sitenote_note":"","_monsterinsights_sitenote_category":0,"footnotes":""},"class_list":["post-157","page","type-page","status-publish","has-post-thumbnail","hentry"],"acf":[],"yoast_head":"<!-- This site is optimized with the Yoast SEO plugin v27.4 - https:\/\/yoast.com\/product\/yoast-seo-wordpress\/ -->\n<title>Czyszczenie g\u0142owic Ink-Jet - NC Produkt - Nowoczesne technologie<\/title>\n<meta name=\"description\" content=\"Najwy\u017cszej jako\u015bci maszyny i urz\u0105dzenia dla przemys\u0142u. Jako jedyni w PL oferujemy w 100% skuteczn\u0105 us\u0142ug\u0119 czyszczenia g\u0142owic do druku Ink-Jet\" \/>\n<meta name=\"robots\" content=\"index, follow, max-snippet:-1, max-image-preview:large, max-video-preview:-1\" \/>\n<link rel=\"canonical\" href=\"https:\/\/ncprodukt.pl\/pl\/czyszczenie-glowic-ink-jet\/\" \/>\n<meta property=\"og:locale\" content=\"pl_PL\" \/>\n<meta property=\"og:type\" content=\"article\" \/>\n<meta property=\"og:title\" content=\"Czyszczenie g\u0142owic Ink-Jet - NC Produkt - Nowoczesne technologie\" \/>\n<meta property=\"og:description\" content=\"Najwy\u017cszej jako\u015bci maszyny i urz\u0105dzenia dla przemys\u0142u. Jako jedyni w PL oferujemy w 100% skuteczn\u0105 us\u0142ug\u0119 czyszczenia g\u0142owic do druku Ink-Jet\" \/>\n<meta property=\"og:url\" content=\"https:\/\/ncprodukt.pl\/pl\/czyszczenie-glowic-ink-jet\/\" \/>\n<meta property=\"og:site_name\" content=\"NC Produkt\" \/>\n<meta property=\"article:modified_time\" content=\"2025-04-30T08:22:59+00:00\" \/>\n<meta property=\"og:image\" content=\"https:\/\/ncprodukt.pl\/wp-content\/uploads\/2019\/08\/maxresdefault.jpg\" \/>\n\t<meta property=\"og:image:width\" content=\"1280\" \/>\n\t<meta property=\"og:image:height\" content=\"720\" \/>\n\t<meta property=\"og:image:type\" content=\"image\/jpeg\" \/>\n<meta name=\"twitter:card\" content=\"summary_large_image\" \/>\n<meta name=\"twitter:label1\" content=\"Szacowany czas czytania\" \/>\n\t<meta name=\"twitter:data1\" content=\"4 minuty\" \/>\n<script type=\"application\/ld+json\" class=\"yoast-schema-graph\">{\"@context\":\"https:\\\/\\\/schema.org\",\"@graph\":[{\"@type\":\"WebPage\",\"@id\":\"https:\\\/\\\/ncprodukt.pl\\\/pl\\\/czyszczenie-glowic-ink-jet\\\/\",\"url\":\"https:\\\/\\\/ncprodukt.pl\\\/pl\\\/czyszczenie-glowic-ink-jet\\\/\",\"name\":\"Czyszczenie g\u0142owic Ink-Jet - NC Produkt - Nowoczesne technologie\",\"isPartOf\":{\"@id\":\"https:\\\/\\\/ncprodukt.pl\\\/pl\\\/#website\"},\"primaryImageOfPage\":{\"@id\":\"https:\\\/\\\/ncprodukt.pl\\\/pl\\\/czyszczenie-glowic-ink-jet\\\/#primaryimage\"},\"image\":{\"@id\":\"https:\\\/\\\/ncprodukt.pl\\\/pl\\\/czyszczenie-glowic-ink-jet\\\/#primaryimage\"},\"thumbnailUrl\":\"https:\\\/\\\/ncprodukt.pl\\\/wp-content\\\/uploads\\\/2019\\\/08\\\/maxresdefault.jpg\",\"datePublished\":\"2019-02-07T12:19:37+00:00\",\"dateModified\":\"2025-04-30T08:22:59+00:00\",\"description\":\"Najwy\u017cszej jako\u015bci maszyny i urz\u0105dzenia dla przemys\u0142u. Jako jedyni w PL oferujemy w 100% skuteczn\u0105 us\u0142ug\u0119 czyszczenia g\u0142owic do druku Ink-Jet\",\"breadcrumb\":{\"@id\":\"https:\\\/\\\/ncprodukt.pl\\\/pl\\\/czyszczenie-glowic-ink-jet\\\/#breadcrumb\"},\"inLanguage\":\"pl-PL\",\"potentialAction\":[{\"@type\":\"ReadAction\",\"target\":[\"https:\\\/\\\/ncprodukt.pl\\\/pl\\\/czyszczenie-glowic-ink-jet\\\/\"]}]},{\"@type\":\"ImageObject\",\"inLanguage\":\"pl-PL\",\"@id\":\"https:\\\/\\\/ncprodukt.pl\\\/pl\\\/czyszczenie-glowic-ink-jet\\\/#primaryimage\",\"url\":\"https:\\\/\\\/ncprodukt.pl\\\/wp-content\\\/uploads\\\/2019\\\/08\\\/maxresdefault.jpg\",\"contentUrl\":\"https:\\\/\\\/ncprodukt.pl\\\/wp-content\\\/uploads\\\/2019\\\/08\\\/maxresdefault.jpg\",\"width\":1280,\"height\":720,\"caption\":\"Ink-Jet\"},{\"@type\":\"BreadcrumbList\",\"@id\":\"https:\\\/\\\/ncprodukt.pl\\\/pl\\\/czyszczenie-glowic-ink-jet\\\/#breadcrumb\",\"itemListElement\":[{\"@type\":\"ListItem\",\"position\":1,\"name\":\"Strona g\u0142\u00f3wna\",\"item\":\"https:\\\/\\\/ncprodukt.pl\\\/pl\\\/\"},{\"@type\":\"ListItem\",\"position\":2,\"name\":\"Czyszczenie g\u0142owic Ink-Jet\"}]},{\"@type\":\"WebSite\",\"@id\":\"https:\\\/\\\/ncprodukt.pl\\\/pl\\\/#website\",\"url\":\"https:\\\/\\\/ncprodukt.pl\\\/pl\\\/\",\"name\":\"NC Produkt\",\"description\":\"Rozwi\u0105zania Hi Tech dla jako\u015bci druku\",\"potentialAction\":[{\"@type\":\"SearchAction\",\"target\":{\"@type\":\"EntryPoint\",\"urlTemplate\":\"https:\\\/\\\/ncprodukt.pl\\\/pl\\\/?s={search_term_string}\"},\"query-input\":{\"@type\":\"PropertyValueSpecification\",\"valueRequired\":true,\"valueName\":\"search_term_string\"}}],\"inLanguage\":\"pl-PL\"}]}<\/script>\n<!-- \/ Yoast SEO plugin. -->","yoast_head_json":{"title":"Czyszczenie g\u0142owic Ink-Jet - NC Produkt - Nowoczesne technologie","description":"Najwy\u017cszej jako\u015bci maszyny i urz\u0105dzenia dla przemys\u0142u. Jako jedyni w PL oferujemy w 100% skuteczn\u0105 us\u0142ug\u0119 czyszczenia g\u0142owic do druku Ink-Jet","robots":{"index":"index","follow":"follow","max-snippet":"max-snippet:-1","max-image-preview":"max-image-preview:large","max-video-preview":"max-video-preview:-1"},"canonical":"https:\/\/ncprodukt.pl\/pl\/czyszczenie-glowic-ink-jet\/","og_locale":"pl_PL","og_type":"article","og_title":"Czyszczenie g\u0142owic Ink-Jet - NC Produkt - Nowoczesne technologie","og_description":"Najwy\u017cszej jako\u015bci maszyny i urz\u0105dzenia dla przemys\u0142u. Jako jedyni w PL oferujemy w 100% skuteczn\u0105 us\u0142ug\u0119 czyszczenia g\u0142owic do druku Ink-Jet","og_url":"https:\/\/ncprodukt.pl\/pl\/czyszczenie-glowic-ink-jet\/","og_site_name":"NC Produkt","article_modified_time":"2025-04-30T08:22:59+00:00","og_image":[{"width":1280,"height":720,"url":"https:\/\/ncprodukt.pl\/wp-content\/uploads\/2019\/08\/maxresdefault.jpg","type":"image\/jpeg"}],"twitter_card":"summary_large_image","twitter_misc":{"Szacowany czas czytania":"4 minuty"},"schema":{"@context":"https:\/\/schema.org","@graph":[{"@type":"WebPage","@id":"https:\/\/ncprodukt.pl\/pl\/czyszczenie-glowic-ink-jet\/","url":"https:\/\/ncprodukt.pl\/pl\/czyszczenie-glowic-ink-jet\/","name":"Czyszczenie g\u0142owic Ink-Jet - NC Produkt - Nowoczesne technologie","isPartOf":{"@id":"https:\/\/ncprodukt.pl\/pl\/#website"},"primaryImageOfPage":{"@id":"https:\/\/ncprodukt.pl\/pl\/czyszczenie-glowic-ink-jet\/#primaryimage"},"image":{"@id":"https:\/\/ncprodukt.pl\/pl\/czyszczenie-glowic-ink-jet\/#primaryimage"},"thumbnailUrl":"https:\/\/ncprodukt.pl\/wp-content\/uploads\/2019\/08\/maxresdefault.jpg","datePublished":"2019-02-07T12:19:37+00:00","dateModified":"2025-04-30T08:22:59+00:00","description":"Najwy\u017cszej jako\u015bci maszyny i urz\u0105dzenia dla przemys\u0142u. Jako jedyni w PL oferujemy w 100% skuteczn\u0105 us\u0142ug\u0119 czyszczenia g\u0142owic do druku Ink-Jet","breadcrumb":{"@id":"https:\/\/ncprodukt.pl\/pl\/czyszczenie-glowic-ink-jet\/#breadcrumb"},"inLanguage":"pl-PL","potentialAction":[{"@type":"ReadAction","target":["https:\/\/ncprodukt.pl\/pl\/czyszczenie-glowic-ink-jet\/"]}]},{"@type":"ImageObject","inLanguage":"pl-PL","@id":"https:\/\/ncprodukt.pl\/pl\/czyszczenie-glowic-ink-jet\/#primaryimage","url":"https:\/\/ncprodukt.pl\/wp-content\/uploads\/2019\/08\/maxresdefault.jpg","contentUrl":"https:\/\/ncprodukt.pl\/wp-content\/uploads\/2019\/08\/maxresdefault.jpg","width":1280,"height":720,"caption":"Ink-Jet"},{"@type":"BreadcrumbList","@id":"https:\/\/ncprodukt.pl\/pl\/czyszczenie-glowic-ink-jet\/#breadcrumb","itemListElement":[{"@type":"ListItem","position":1,"name":"Strona g\u0142\u00f3wna","item":"https:\/\/ncprodukt.pl\/pl\/"},{"@type":"ListItem","position":2,"name":"Czyszczenie g\u0142owic Ink-Jet"}]},{"@type":"WebSite","@id":"https:\/\/ncprodukt.pl\/pl\/#website","url":"https:\/\/ncprodukt.pl\/pl\/","name":"NC Produkt","description":"Rozwi\u0105zania Hi Tech dla jako\u015bci druku","potentialAction":[{"@type":"SearchAction","target":{"@type":"EntryPoint","urlTemplate":"https:\/\/ncprodukt.pl\/pl\/?s={search_term_string}"},"query-input":{"@type":"PropertyValueSpecification","valueRequired":true,"valueName":"search_term_string"}}],"inLanguage":"pl-PL"}]}},"_links":{"self":[{"href":"https:\/\/ncprodukt.pl\/pl\/wp-json\/wp\/v2\/pages\/157","targetHints":{"allow":["GET"]}}],"collection":[{"href":"https:\/\/ncprodukt.pl\/pl\/wp-json\/wp\/v2\/pages"}],"about":[{"href":"https:\/\/ncprodukt.pl\/pl\/wp-json\/wp\/v2\/types\/page"}],"author":[{"embeddable":true,"href":"https:\/\/ncprodukt.pl\/pl\/wp-json\/wp\/v2\/users\/4"}],"replies":[{"embeddable":true,"href":"https:\/\/ncprodukt.pl\/pl\/wp-json\/wp\/v2\/comments?post=157"}],"version-history":[{"count":165,"href":"https:\/\/ncprodukt.pl\/pl\/wp-json\/wp\/v2\/pages\/157\/revisions"}],"predecessor-version":[{"id":6107,"href":"https:\/\/ncprodukt.pl\/pl\/wp-json\/wp\/v2\/pages\/157\/revisions\/6107"}],"wp:featuredmedia":[{"embeddable":true,"href":"https:\/\/ncprodukt.pl\/pl\/wp-json\/wp\/v2\/media\/643"}],"wp:attachment":[{"href":"https:\/\/ncprodukt.pl\/pl\/wp-json\/wp\/v2\/media?parent=157"}],"curies":[{"name":"wp","href":"https:\/\/api.w.org\/{rel}","templated":true}]}}