{"id":8,"date":"2019-02-06T11:17:13","date_gmt":"2019-02-06T10:17:13","guid":{"rendered":"http:\/\/ncprodukt.pl\/?page_id=8"},"modified":"2023-08-16T10:25:02","modified_gmt":"2023-08-16T08:25:02","slug":"xaar-dimatix-seiko-durst-i-inne","status":"publish","type":"page","link":"https:\/\/ncprodukt.pl\/pl\/","title":{"rendered":"Strona g\u0142\u00f3wna"},"content":{"rendered":"<p class=\"lead\">Kiedy g\u0142owica kwalifikuje si\u0119 do czyszczenia?<\/p>\n<p>Niew\u0105tpliwie g\u0142owice nale\u017cy wyczy\u015bci\u0107 kiedy na wydruku zauwa\u017cymy jakiekolwiek wady,<br \/>\ntakie jak brak ostro\u015bci, niejednolity wydruk czy przerwy w ci\u0105g\u0142o\u015bci druku.<br \/>\nJednak bardzo cz\u0119sto tego typu wady zauwa\u017ca si\u0119 dopiero wtedy, gdy zadrukujemy du\u017c\u0105 ilo\u015b\u0107 no\u015bnika,<br \/>\nco mo\u017ce generowa\u0107 olbrzymie straty.<\/p>\n<p>Jak unikn\u0105\u0107 takich sytuacji?<br \/>\nG\u0142owice piezoelektryczne powinno si\u0119 czy\u015bci\u0107 regularnie!!!!!<br \/>\nBezwzgl\u0119dnie nale\u017cy wykona\u0107 test i czyszczenie po ka\u017cdej d\u0142ugotrwa\u0142ej przerwie w u\u017cytkowaniu (&lt; tydzie\u0144)<\/p>\n<p>Zalecane jest, aby ka\u017cd\u0105 g\u0142owic\u0119 bez wzgl\u0119du na producenta i model,<br \/>\nczy\u015bci\u0107 profilaktycznie co 6 miesi\u0119cy o czym z wiadomych wzgl\u0119d\u00f3w zapominaj\u0105 wspomnie\u0107 klientowi dostawcy maszyn.<\/p>\n<p>Dzi\u0119ki systematyczno\u015bci czyszczenia unikniemy zb\u0119dnych problem\u00f3w i wydatk\u00f3w jakie pojawi\u0105 si\u0119 kiedy wybitnie wa\u017cna partia produktu finalnego nie b\u0119dzie spe\u0142nia\u0107 wymog\u00f3w.<\/p>\n<p>Dzi\u0119ki naszej us\u0142udze g\u0142owice ponownie drukuj\u0105 jednorodnie, a Pa\u0144stwo oszcz\u0119dzacie nawet do 90% warto\u015bci nowego produktu. Obecnie oferujemy czyszczenie nast\u0119puj\u0105cych typ\u00f3w g\u0142owic:<\/p>\n<p>&nbsp;<\/p>\n","protected":false},"excerpt":{"rendered":"<p>Kiedy g\u0142owica kwalifikuje si\u0119 do czyszczenia? Niew\u0105tpliwie g\u0142owice nale\u017cy wyczy\u015bci\u0107 kiedy na wydruku zauwa\u017cymy jakiekolwiek wady, takie jak brak ostro\u015bci, niejednolity wydruk czy przerwy w ci\u0105g\u0142o\u015bci druku. Jednak bardzo cz\u0119sto tego typu wady zauwa\u017ca si\u0119 dopiero wtedy, gdy zadrukujemy du\u017c\u0105 ilo\u015b\u0107 no\u015bnika, co mo\u017ce generowa\u0107 olbrzymie straty. Jak unikn\u0105\u0107 takich sytuacji? G\u0142owice piezoelektryczne powinno si\u0119 [&hellip;]<\/p>\n","protected":false},"author":4,"featured_media":1015,"parent":0,"menu_order":0,"comment_status":"closed","ping_status":"closed","template":"","meta":{"_acf_changed":false,"_monsterinsights_skip_tracking":false,"_monsterinsights_sitenote_active":false,"_monsterinsights_sitenote_note":"","_monsterinsights_sitenote_category":0,"footnotes":""},"class_list":["post-8","page","type-page","status-publish","has-post-thumbnail","hentry"],"acf":[],"yoast_head":"<!-- This site is optimized with the Yoast SEO plugin v27.4 - https:\/\/yoast.com\/product\/yoast-seo-wordpress\/ -->\n<title>NC Produkt - Profesjonalne czyszczenie g\u0142owic InkJet<\/title>\n<meta name=\"description\" content=\"Oferujemy us\u0142ug\u0119 czyszczenia g\u0142owic InkJet z wykorzystaniem urz\u0105dze\u0144 marki People&amp;Technology.\" \/>\n<meta name=\"robots\" content=\"index, follow, max-snippet:-1, max-image-preview:large, max-video-preview:-1\" \/>\n<link rel=\"canonical\" href=\"https:\/\/ncprodukt.pl\/pl\/\" \/>\n<meta property=\"og:locale\" content=\"pl_PL\" \/>\n<meta property=\"og:type\" content=\"article\" \/>\n<meta property=\"og:title\" content=\"NC Produkt - Profesjonalne czyszczenie g\u0142owic InkJet\" \/>\n<meta property=\"og:description\" content=\"Oferujemy us\u0142ug\u0119 czyszczenia g\u0142owic InkJet z wykorzystaniem urz\u0105dze\u0144 marki People&amp;Technology.\" \/>\n<meta property=\"og:url\" content=\"https:\/\/ncprodukt.pl\/pl\/\" \/>\n<meta property=\"og:site_name\" content=\"NC Produkt\" \/>\n<meta property=\"article:modified_time\" content=\"2023-08-16T08:25:02+00:00\" \/>\n<meta property=\"og:image\" content=\"https:\/\/ncprodukt.pl\/wp-content\/uploads\/2019\/08\/pztttt-copy.jpg\" \/>\n\t<meta property=\"og:image:width\" content=\"1870\" \/>\n\t<meta property=\"og:image:height\" content=\"857\" \/>\n\t<meta property=\"og:image:type\" content=\"image\/jpeg\" \/>\n<meta name=\"twitter:card\" content=\"summary_large_image\" \/>\n<meta name=\"twitter:label1\" content=\"Szacowany czas czytania\" \/>\n\t<meta name=\"twitter:data1\" content=\"1 minuta\" \/>\n<script type=\"application\/ld+json\" class=\"yoast-schema-graph\">{\"@context\":\"https:\\\/\\\/schema.org\",\"@graph\":[{\"@type\":\"WebPage\",\"@id\":\"https:\\\/\\\/ncprodukt.pl\\\/pl\\\/\",\"url\":\"https:\\\/\\\/ncprodukt.pl\\\/pl\\\/\",\"name\":\"NC Produkt - Profesjonalne czyszczenie g\u0142owic InkJet\",\"isPartOf\":{\"@id\":\"https:\\\/\\\/ncprodukt.pl\\\/pl\\\/#website\"},\"primaryImageOfPage\":{\"@id\":\"https:\\\/\\\/ncprodukt.pl\\\/pl\\\/#primaryimage\"},\"image\":{\"@id\":\"https:\\\/\\\/ncprodukt.pl\\\/pl\\\/#primaryimage\"},\"thumbnailUrl\":\"https:\\\/\\\/ncprodukt.pl\\\/wp-content\\\/uploads\\\/2019\\\/08\\\/pztttt-copy.jpg\",\"datePublished\":\"2019-02-06T10:17:13+00:00\",\"dateModified\":\"2023-08-16T08:25:02+00:00\",\"description\":\"Oferujemy us\u0142ug\u0119 czyszczenia g\u0142owic InkJet z wykorzystaniem urz\u0105dze\u0144 marki People&Technology.\",\"breadcrumb\":{\"@id\":\"https:\\\/\\\/ncprodukt.pl\\\/pl\\\/#breadcrumb\"},\"inLanguage\":\"pl-PL\",\"potentialAction\":[{\"@type\":\"ReadAction\",\"target\":[\"https:\\\/\\\/ncprodukt.pl\\\/pl\\\/\"]}]},{\"@type\":\"ImageObject\",\"inLanguage\":\"pl-PL\",\"@id\":\"https:\\\/\\\/ncprodukt.pl\\\/pl\\\/#primaryimage\",\"url\":\"https:\\\/\\\/ncprodukt.pl\\\/wp-content\\\/uploads\\\/2019\\\/08\\\/pztttt-copy.jpg\",\"contentUrl\":\"https:\\\/\\\/ncprodukt.pl\\\/wp-content\\\/uploads\\\/2019\\\/08\\\/pztttt-copy.jpg\",\"width\":1870,\"height\":857,\"caption\":\"Enwar Produkt\"},{\"@type\":\"BreadcrumbList\",\"@id\":\"https:\\\/\\\/ncprodukt.pl\\\/pl\\\/#breadcrumb\",\"itemListElement\":[{\"@type\":\"ListItem\",\"position\":1,\"name\":\"Strona g\u0142\u00f3wna\",\"item\":\"https:\\\/\\\/ncprodukt.pl\\\/pl\\\/\"},{\"@type\":\"ListItem\",\"position\":2,\"name\":\"Strona g\u0142\u00f3wna\"}]},{\"@type\":\"WebSite\",\"@id\":\"https:\\\/\\\/ncprodukt.pl\\\/pl\\\/#website\",\"url\":\"https:\\\/\\\/ncprodukt.pl\\\/pl\\\/\",\"name\":\"NC Produkt\",\"description\":\"Rozwi\u0105zania Hi Tech dla jako\u015bci druku\",\"potentialAction\":[{\"@type\":\"SearchAction\",\"target\":{\"@type\":\"EntryPoint\",\"urlTemplate\":\"https:\\\/\\\/ncprodukt.pl\\\/pl\\\/?s={search_term_string}\"},\"query-input\":{\"@type\":\"PropertyValueSpecification\",\"valueRequired\":true,\"valueName\":\"search_term_string\"}}],\"inLanguage\":\"pl-PL\"}]}<\/script>\n<!-- \/ Yoast SEO plugin. -->","yoast_head_json":{"title":"NC Produkt - Profesjonalne czyszczenie g\u0142owic InkJet","description":"Oferujemy us\u0142ug\u0119 czyszczenia g\u0142owic InkJet z wykorzystaniem urz\u0105dze\u0144 marki People&Technology.","robots":{"index":"index","follow":"follow","max-snippet":"max-snippet:-1","max-image-preview":"max-image-preview:large","max-video-preview":"max-video-preview:-1"},"canonical":"https:\/\/ncprodukt.pl\/pl\/","og_locale":"pl_PL","og_type":"article","og_title":"NC Produkt - Profesjonalne czyszczenie g\u0142owic InkJet","og_description":"Oferujemy us\u0142ug\u0119 czyszczenia g\u0142owic InkJet z wykorzystaniem urz\u0105dze\u0144 marki People&Technology.","og_url":"https:\/\/ncprodukt.pl\/pl\/","og_site_name":"NC Produkt","article_modified_time":"2023-08-16T08:25:02+00:00","og_image":[{"width":1870,"height":857,"url":"https:\/\/ncprodukt.pl\/wp-content\/uploads\/2019\/08\/pztttt-copy.jpg","type":"image\/jpeg"}],"twitter_card":"summary_large_image","twitter_misc":{"Szacowany czas czytania":"1 minuta"},"schema":{"@context":"https:\/\/schema.org","@graph":[{"@type":"WebPage","@id":"https:\/\/ncprodukt.pl\/pl\/","url":"https:\/\/ncprodukt.pl\/pl\/","name":"NC Produkt - Profesjonalne czyszczenie g\u0142owic InkJet","isPartOf":{"@id":"https:\/\/ncprodukt.pl\/pl\/#website"},"primaryImageOfPage":{"@id":"https:\/\/ncprodukt.pl\/pl\/#primaryimage"},"image":{"@id":"https:\/\/ncprodukt.pl\/pl\/#primaryimage"},"thumbnailUrl":"https:\/\/ncprodukt.pl\/wp-content\/uploads\/2019\/08\/pztttt-copy.jpg","datePublished":"2019-02-06T10:17:13+00:00","dateModified":"2023-08-16T08:25:02+00:00","description":"Oferujemy us\u0142ug\u0119 czyszczenia g\u0142owic InkJet z wykorzystaniem urz\u0105dze\u0144 marki People&Technology.","breadcrumb":{"@id":"https:\/\/ncprodukt.pl\/pl\/#breadcrumb"},"inLanguage":"pl-PL","potentialAction":[{"@type":"ReadAction","target":["https:\/\/ncprodukt.pl\/pl\/"]}]},{"@type":"ImageObject","inLanguage":"pl-PL","@id":"https:\/\/ncprodukt.pl\/pl\/#primaryimage","url":"https:\/\/ncprodukt.pl\/wp-content\/uploads\/2019\/08\/pztttt-copy.jpg","contentUrl":"https:\/\/ncprodukt.pl\/wp-content\/uploads\/2019\/08\/pztttt-copy.jpg","width":1870,"height":857,"caption":"Enwar Produkt"},{"@type":"BreadcrumbList","@id":"https:\/\/ncprodukt.pl\/pl\/#breadcrumb","itemListElement":[{"@type":"ListItem","position":1,"name":"Strona g\u0142\u00f3wna","item":"https:\/\/ncprodukt.pl\/pl\/"},{"@type":"ListItem","position":2,"name":"Strona g\u0142\u00f3wna"}]},{"@type":"WebSite","@id":"https:\/\/ncprodukt.pl\/pl\/#website","url":"https:\/\/ncprodukt.pl\/pl\/","name":"NC Produkt","description":"Rozwi\u0105zania Hi Tech dla jako\u015bci druku","potentialAction":[{"@type":"SearchAction","target":{"@type":"EntryPoint","urlTemplate":"https:\/\/ncprodukt.pl\/pl\/?s={search_term_string}"},"query-input":{"@type":"PropertyValueSpecification","valueRequired":true,"valueName":"search_term_string"}}],"inLanguage":"pl-PL"}]}},"_links":{"self":[{"href":"https:\/\/ncprodukt.pl\/pl\/wp-json\/wp\/v2\/pages\/8","targetHints":{"allow":["GET"]}}],"collection":[{"href":"https:\/\/ncprodukt.pl\/pl\/wp-json\/wp\/v2\/pages"}],"about":[{"href":"https:\/\/ncprodukt.pl\/pl\/wp-json\/wp\/v2\/types\/page"}],"author":[{"embeddable":true,"href":"https:\/\/ncprodukt.pl\/pl\/wp-json\/wp\/v2\/users\/4"}],"replies":[{"embeddable":true,"href":"https:\/\/ncprodukt.pl\/pl\/wp-json\/wp\/v2\/comments?post=8"}],"version-history":[{"count":229,"href":"https:\/\/ncprodukt.pl\/pl\/wp-json\/wp\/v2\/pages\/8\/revisions"}],"predecessor-version":[{"id":4782,"href":"https:\/\/ncprodukt.pl\/pl\/wp-json\/wp\/v2\/pages\/8\/revisions\/4782"}],"wp:featuredmedia":[{"embeddable":true,"href":"https:\/\/ncprodukt.pl\/pl\/wp-json\/wp\/v2\/media\/1015"}],"wp:attachment":[{"href":"https:\/\/ncprodukt.pl\/pl\/wp-json\/wp\/v2\/media?parent=8"}],"curies":[{"name":"wp","href":"https:\/\/api.w.org\/{rel}","templated":true}]}}